{"id":1411,"date":"2026-02-27T11:00:02","date_gmt":"2026-02-27T11:00:02","guid":{"rendered":"https:\/\/lawyerincroatia.com\/?page_id=1411"},"modified":"2026-04-15T15:51:45","modified_gmt":"2026-04-15T15:51:45","slug":"contact-us","status":"publish","type":"page","link":"https:\/\/lawyerincroatia.com\/hr\/contact-us\/","title":{"rendered":"Kontakt"},"content":{"rendered":"<div data-elementor-type=\"wp-page\" data-elementor-id=\"1411\" class=\"elementor elementor-1411\">\n\t\t\t\t<div class=\"elementor-element elementor-element-341184a e-flex e-con-boxed wpr-particle-no wpr-jarallax-no wpr-parallax-no wpr-sticky-section-no wpr-equal-height-no e-con e-parent\" data-id=\"341184a\" data-element_type=\"container\" data-e-type=\"container\" data-settings=\"{&quot;background_background&quot;:&quot;classic&quot;}\">\n\t\t\t\t\t<div class=\"e-con-inner\">\n\t\t\t\t<div class=\"elementor-element elementor-element-c6758e4 elementor-widget elementor-widget-heading\" data-id=\"c6758e4\" data-element_type=\"widget\" data-e-type=\"widget\" data-widget_type=\"heading.default\">\n\t\t\t\t<div class=\"elementor-widget-container\">\n\t\t\t\t\t<h1 class=\"elementor-heading-title elementor-size-default\">Kontakt<\/h1>\t\t\t\t<\/div>\n\t\t\t\t<\/div>\n\t\t\t\t\t<\/div>\n\t\t\t\t<\/div>\n\t\t<div class=\"elementor-element elementor-element-f82fbea e-flex e-con-boxed wpr-particle-no wpr-jarallax-no wpr-parallax-no wpr-sticky-section-no wpr-equal-height-no e-con e-parent\" data-id=\"f82fbea\" data-element_type=\"container\" data-e-type=\"container\" data-settings=\"{&quot;background_background&quot;:&quot;classic&quot;}\">\n\t\t\t\t\t<div class=\"e-con-inner\">\n\t\t\t\t<div class=\"elementor-element elementor-element-cabf506 elementor-widget__width-initial premium-cf7-button-fwidth-yes elementor-widget elementor-widget-premium-contact-form\" data-id=\"cabf506\" data-element_type=\"widget\" data-e-type=\"widget\" data-widget_type=\"premium-contact-form.default\">\n\t\t\t\t<div class=\"elementor-widget-container\">\n\t\t\t\t\t\n\t\t\t\n\t\t\t<div class=\"premium-cf7-container\" data-settings=\"{&quot;fields_glass&quot;:&quot;none&quot;,&quot;submit_glass&quot;:&quot;glass1&quot;}\">\n\t\t\t\t\n<div class=\"wpcf7 no-js\" id=\"wpcf7-f1238-o1\" lang=\"en-US\" dir=\"ltr\" data-wpcf7-id=\"1238\">\n<div class=\"screen-reader-response\"><p role=\"status\" aria-live=\"polite\" aria-atomic=\"true\"><\/p> <ul><\/ul><\/div>\n<form action=\"\/hr\/wp-json\/wp\/v2\/pages\/1411#wpcf7-f1238-o1\" method=\"post\" class=\"wpcf7-form init\" aria-label=\"Contact form\" enctype=\"multipart\/form-data\" novalidate=\"novalidate\" data-status=\"init\" data-trp-original-action=\"\/hr\/wp-json\/wp\/v2\/pages\/1411#wpcf7-f1238-o1\">\n<fieldset class=\"hidden-fields-container\"><input type=\"hidden\" name=\"_wpcf7\" value=\"1238\" \/><input type=\"hidden\" name=\"_wpcf7_version\" value=\"6.1.5\" \/><input type=\"hidden\" name=\"_wpcf7_locale\" value=\"en_US\" \/><input type=\"hidden\" name=\"_wpcf7_unit_tag\" value=\"wpcf7-f1238-o1\" \/><input type=\"hidden\" name=\"_wpcf7_container_post\" value=\"0\" \/><input type=\"hidden\" name=\"_wpcf7_posted_data_hash\" value=\"\" \/>\n<\/fieldset>\n<div class=\"cf7-form\">\n\n <!-- Row: First + Last Name -->\n\t<div class=\"cf7-row cf7-two-col\">\n\t\t<div class=\"cf7-col\">\n\t\t\t<p><label>Ime<\/label><br \/>\n<span class=\"wpcf7-form-control-wrap\" data-name=\"first-name\"><input size=\"40\" maxlength=\"400\" class=\"wpcf7-form-control wpcf7-text wpcf7-validates-as-required\" autocomplete=\"given-name\" aria-required=\"true\" aria-invalid=\"false\" placeholder=\"Upi\u0161i ime\" value=\"\" type=\"text\" name=\"first-name\" \/><\/span>\n\t\t\t<\/p>\n\t\t<\/div>\n\t\t<div class=\"cf7-col\">\n\t\t\t<p><label>Prezime<\/label><br \/>\n<span class=\"wpcf7-form-control-wrap\" data-name=\"last-name\"><input size=\"40\" maxlength=\"400\" class=\"wpcf7-form-control wpcf7-text wpcf7-validates-as-required\" autocomplete=\"family-name\" aria-required=\"true\" aria-invalid=\"false\" placeholder=\"Upi\u0161i prezime\" value=\"\" type=\"text\" name=\"last-name\" \/><\/span>\n\t\t\t<\/p>\n\t\t<\/div>\n\t<\/div>\n\n <!-- Row: Email + Phone -->\n\t<div class=\"cf7-row cf7-two-col\">\n\t\t<div class=\"cf7-col\">\n\t\t\t<p><label>Email*<\/label><br \/>\n<span class=\"wpcf7-form-control-wrap\" data-name=\"email\"><input size=\"40\" maxlength=\"400\" class=\"wpcf7-form-control wpcf7-email wpcf7-validates-as-required wpcf7-text wpcf7-validates-as-email\" autocomplete=\"email\" aria-required=\"true\" aria-invalid=\"false\" placeholder=\"your@email.com\" value=\"\" type=\"email\" name=\"email\" \/><\/span>\n\t\t\t<\/p>\n\t\t<\/div>\n\t\t<div class=\"cf7-col\">\n\t\t\t<p><label>Broj telefona<\/label><br \/>\n<span class=\"wpcf7-form-control-wrap\" data-name=\"phone\"><input size=\"40\" maxlength=\"400\" class=\"wpcf7-form-control wpcf7-tel wpcf7-text wpcf7-validates-as-tel\" autocomplete=\"tel\" aria-invalid=\"false\" placeholder=\"+385 99 123 4567\" value=\"\" type=\"tel\" name=\"phone\" \/><\/span>\n\t\t\t<\/p>\n\t\t<\/div>\n\t<\/div>\n\t<div class=\"cf7-row\">\n\t\t<p><label>Ime tvrtke<\/label><br \/>\n<span class=\"wpcf7-form-control-wrap\" data-name=\"company\"><input size=\"40\" maxlength=\"400\" class=\"wpcf7-form-control wpcf7-text\" aria-invalid=\"false\" placeholder=\"Ime tvrtke\" value=\"\" type=\"text\" name=\"company\" \/><\/span>\n\t\t<\/p>\n\t<\/div>\n\t<div class=\"cf7-row\">\n\t\t<p><label>Napomena*<\/label><br \/>\n<span class=\"wpcf7-form-control-wrap\" data-name=\"message\"><textarea cols=\"40\" rows=\"10\" maxlength=\"2000\" class=\"wpcf7-form-control wpcf7-textarea wpcf7-validates-as-required\" aria-required=\"true\" aria-invalid=\"false\" placeholder=\"Upi\u0161ite poruku ovdje...\" name=\"message\"><\/textarea><\/span>\n\t\t<\/p>\n\t<\/div>\n\t<div class=\"cf7-row\">\n\t\t<p><label>Prilog (PDF, DOC, JPG \u2013 max 2MB)<\/label><br \/>\n<span class=\"wpcf7-form-control-wrap\" data-name=\"file-attachment\"><input size=\"40\" class=\"wpcf7-form-control wpcf7-file\" accept=\".pdf,.doc,.docx,.jpg,.jpeg,.png\" aria-invalid=\"false\" type=\"file\" name=\"file-attachment\" \/><\/span>\n\t\t<\/p>\n\t<\/div>\n\t<p><span id=\"wpcf7-69e8ea9a37fde-wrapper\" class=\"wpcf7-form-control-wrap honeypot-492-wrap\" style=\"display:none !important; visibility:hidden !important;\"><input type=\"hidden\" name=\"honeypot-492-time-start\" value=\"1776872090\"><input type=\"hidden\" name=\"honeypot-492-time-check\" value=\"4\"><label for=\"wpcf7-69e8ea9a37fde-field\" class=\"hp-message\">Please leave this field empty.<\/label><input id=\"wpcf7-69e8ea9a37fde-field\"  placeholder=\"Additional info\"  class=\"wpcf7-form-control wpcf7-text\" type=\"text\" name=\"honeypot-492\" value=\"\" size=\"40\" tabindex=\"-1\" autocomplete=\"off\" \/><\/span><br \/>\n<div id=\"cf7sr-v3-69e8ea9a3809b\"><input type=\"hidden\" name=\"cf7sr-v3-token\" value=\"\"><\/div>\n\t<\/p>\n\t<div class=\"cf7-row\">\n\t\t<p><input class=\"wpcf7-form-control wpcf7-submit has-spinner\" type=\"submit\" value=\"Po\u0161alji poruku\" \/>\n\t\t<\/p>\n\t<\/div>\n<\/div><div class=\"wpcf7-response-output\" aria-hidden=\"true\"><\/div>\n<input type=\"hidden\" name=\"trp-form-language\" value=\"hr\"\/><\/form>\n<\/div>\n\t\t\t<\/div>\n\n\t\t\t\t\t\t\t<\/div>\n\t\t\t\t<\/div>\n\t\t<div class=\"elementor-element elementor-element-5925f2f e-con-full e-flex wpr-particle-no wpr-jarallax-no wpr-parallax-no wpr-sticky-section-no wpr-equal-height-no e-con e-child\" data-id=\"5925f2f\" data-element_type=\"container\" data-e-type=\"container\">\n\t\t\t\t<div class=\"elementor-element elementor-element-35a0824 elementor-widget elementor-widget-heading\" data-id=\"35a0824\" data-element_type=\"widget\" data-e-type=\"widget\" data-widget_type=\"heading.default\">\n\t\t\t\t<div class=\"elementor-widget-container\">\n\t\t\t\t\t<h2 class=\"elementor-heading-title elementor-size-default\">Va\u0161 pravni predmet zaslu\u017euje jasno\u0107u i preciznost.\n<\/h2>\t\t\t\t<\/div>\n\t\t\t\t<\/div>\n\t\t\t\t<div class=\"elementor-element elementor-element-80e2bb4 elementor-widget elementor-widget-text-editor\" data-id=\"80e2bb4\" data-element_type=\"widget\" data-e-type=\"widget\" data-widget_type=\"text-editor.default\">\n\t\t\t\t<div class=\"elementor-widget-container\">\n\t\t\t\t\t\t\t\t\t<p>Po\u0161aljite nam poruku i odgovorit \u0107emo vam brzo i povjerljivo.<\/p>\t\t\t\t\t\t\t\t<\/div>\n\t\t\t\t<\/div>\n\t\t\t\t<\/div>\n\t\t\t\t\t<\/div>\n\t\t\t\t<\/div>\n\t\t<div class=\"elementor-element elementor-element-9697b36 e-flex e-con-boxed wpr-particle-no wpr-jarallax-no wpr-parallax-no wpr-sticky-section-no wpr-equal-height-no e-con e-parent\" data-id=\"9697b36\" data-element_type=\"container\" data-e-type=\"container\" data-settings=\"{&quot;background_background&quot;:&quot;classic&quot;,&quot;section_fluid_on&quot;:&quot;yes&quot;}\">\n\t\t\t\t\t<div class=\"e-con-inner\">\n\t\t\t\t<div class=\"elementor-element elementor-element-fe56be9 elementor-widget-divider--view-line elementor-widget elementor-widget-divider\" data-id=\"fe56be9\" data-element_type=\"widget\" data-e-type=\"widget\" data-widget_type=\"divider.default\">\n\t\t\t\t<div class=\"elementor-widget-container\">\n\t\t\t\t\t\t\t<div class=\"elementor-divider\">\n\t\t\t<span class=\"elementor-divider-separator\">\n\t\t\t\t\t\t<\/span>\n\t\t<\/div>\n\t\t\t\t\t\t<\/div>\n\t\t\t\t<\/div>\n\t\t\t\t<div class=\"elementor-element elementor-element-56be99c elementor-widget elementor-widget-heading\" data-id=\"56be99c\" data-element_type=\"widget\" data-e-type=\"widget\" data-widget_type=\"heading.default\">\n\t\t\t\t<div class=\"elementor-widget-container\">\n\t\t\t\t\t<h2 class=\"elementor-heading-title elementor-size-default\">Ili organiziraj poziv sa na\u0161im odvjetnicima.<\/h2>\t\t\t\t<\/div>\n\t\t\t\t<\/div>\n\t\t\t\t<div class=\"elementor-element elementor-element-aedd34f elementor-widget elementor-widget-shortcode\" data-id=\"aedd34f\" data-element_type=\"widget\" data-e-type=\"widget\" data-widget_type=\"shortcode.default\">\n\t\t\t\t<div class=\"elementor-widget-container\">\n\t\t\t\t\t\t\t<div class=\"elementor-shortcode\"> <iframe src=\"https:\/\/lawyerincroatia.com\/hr\/wp-json\/ssa\/v1\/embed-inner?integration&type=speak-with-a-lawyer&label&types=1&edit&view&payment_provider&ssa_locale=hr&ssa_is_rtl&sid=abe00b15956d179206b533491aca6349d8d184f3&availability_start_date&availability_end_date&suggest_first_available&suggest_first_available_within_minutes&flow&fallback_flow&time_view&date_view&appointment_types_view&version&accent_color&background&padding&font&booking_url=https%3A%2F%2Flawyerincroatia.com%2Fhr%2Fcontact-us%2F&booking_post_id=1411&booking_title=Contact+us&_wpnonce=11c3264e35&redirect_post_id&defer&mepr_membership_id#\/\" height=\"400px\" width=\"100%\" name=\"ssa_booking\" loading=\"eager\" frameborder=\"0\" data-skip-lazy=\"1\" class=\"ssa_booking_iframe skip-lazy\" title=\"Book a time\"><\/iframe> <\/div>\n\t\t\t\t\t\t<\/div>\n\t\t\t\t<\/div>\n\t\t\t\t\t<\/div>\n\t\t\t\t<\/div>\n\t\t<div class=\"elementor-element elementor-element-0c98089 e-flex e-con-boxed wpr-particle-no wpr-jarallax-no wpr-parallax-no wpr-sticky-section-no wpr-equal-height-no e-con e-parent\" data-id=\"0c98089\" data-element_type=\"container\" data-e-type=\"container\" data-settings=\"{&quot;background_background&quot;:&quot;classic&quot;}\">\n\t\t\t\t\t<div class=\"e-con-inner\">\n\t\t<div class=\"elementor-element elementor-element-1aa1aae e-con-full e-flex wpr-particle-no wpr-jarallax-no wpr-parallax-no wpr-sticky-section-no wpr-equal-height-no e-con e-child\" data-id=\"1aa1aae\" data-element_type=\"container\" data-e-type=\"container\">\n\t\t\t\t<div class=\"elementor-element elementor-element-7b58b5c elementor-widget__width-initial uicore-animate-scroll elementor-widget elementor-widget-google_maps\" data-id=\"7b58b5c\" data-element_type=\"widget\" data-e-type=\"widget\" data-settings=\"{&quot;uicore_trigger_type&quot;:&quot;uicore-animate-scroll&quot;}\" data-widget_type=\"google_maps.default\">\n\t\t\t\t<div class=\"elementor-widget-container\">\n\t\t\t\t\t\t\t<div class=\"elementor-custom-embed\">\n\t\t\t<iframe loading=\"lazy\"\n\t\t\t\t\tsrc=\"https:\/\/maps.google.com\/maps?q=Planini%C4%87%20i%20partneri&#038;t=m&#038;z=10&#038;output=embed&#038;iwloc=near\"\n\t\t\t\t\ttitle=\"Planini\u0107 i partneri\"\n\t\t\t\t\taria-label=\"Planini\u0107 i partneri\"\n\t\t\t><\/iframe>\n\t\t<\/div>\n\t\t\t\t\t\t<\/div>\n\t\t\t\t<\/div>\n\t\t\t\t<\/div>\n\t\t<div class=\"elementor-element elementor-element-27b9d88 e-con-full e-flex wpr-particle-no wpr-jarallax-no wpr-parallax-no wpr-sticky-section-no wpr-equal-height-no e-con e-child\" data-id=\"27b9d88\" data-element_type=\"container\" data-e-type=\"container\" data-settings=\"{&quot;background_background&quot;:&quot;classic&quot;}\">\n\t\t\t\t<div class=\"elementor-element elementor-element-8b631e0 elementor-icon-list--layout-traditional elementor-list-item-link-full_width elementor-widget elementor-widget-icon-list\" data-id=\"8b631e0\" data-element_type=\"widget\" data-e-type=\"widget\" data-widget_type=\"icon-list.default\">\n\t\t\t\t<div class=\"elementor-widget-container\">\n\t\t\t\t\t\t\t<ul class=\"elementor-icon-list-items\">\n\t\t\t\t\t\t\t<li class=\"elementor-icon-list-item\">\n\t\t\t\t\t\t\t\t\t\t\t<span class=\"elementor-icon-list-icon\">\n\t\t\t\t\t\t\t<svg aria-hidden=\"true\" class=\"e-font-icon-svg e-fas-map-pin\" viewbox=\"0 0 288 512\" xmlns=\"http:\/\/www.w3.org\/2000\/svg\"><path d=\"M112 316.94v156.69l22.02 33.02c4.75 7.12 15.22 7.12 19.97 0L176 473.63V316.94c-10.39 1.92-21.06 3.06-32 3.06s-21.61-1.14-32-3.06zM144 0C64.47 0 0 64.47 0 144s64.47 144 144 144 144-64.47 144-144S223.53 0 144 0zm0 76c-37.5 0-68 30.5-68 68 0 6.62-5.38 12-12 12s-12-5.38-12-12c0-50.73 41.28-92 92-92 6.62 0 12 5.38 12 12s-5.38 12-12 12z\"><\/path><\/svg>\t\t\t\t\t\t<\/span>\n\t\t\t\t\t\t\t\t\t\t<span class=\"elementor-icon-list-text\">Ulica Ivana Tkal\u010di\u0107a 73, 10000 Zagreb<\/span>\n\t\t\t\t\t\t\t\t\t<\/li>\n\t\t\t\t\t\t\t\t<li class=\"elementor-icon-list-item\">\n\t\t\t\t\t\t\t\t\t\t\t<a href=\"tel:+385%201%2048%2012%20562\">\n\n\t\t\t\t\t\t\t\t\t\t\t\t<span class=\"elementor-icon-list-icon\">\n\t\t\t\t\t\t\t<svg aria-hidden=\"true\" class=\"e-font-icon-svg e-fas-phone-alt\" viewbox=\"0 0 512 512\" xmlns=\"http:\/\/www.w3.org\/2000\/svg\"><path d=\"M497.39 361.8l-112-48a24 24 0 0 0-28 6.9l-49.6 60.6A370.66 370.66 0 0 1 130.6 204.11l60.6-49.6a23.94 23.94 0 0 0 6.9-28l-48-112A24.16 24.16 0 0 0 122.6.61l-104 24A24 24 0 0 0 0 48c0 256.5 207.9 464 464 464a24 24 0 0 0 23.4-18.6l24-104a24.29 24.29 0 0 0-14.01-27.6z\"><\/path><\/svg>\t\t\t\t\t\t<\/span>\n\t\t\t\t\t\t\t\t\t\t<span class=\"elementor-icon-list-text\">+385 1 48 12 562<\/span>\n\t\t\t\t\t\t\t\t\t\t\t<\/a>\n\t\t\t\t\t\t\t\t\t<\/li>\n\t\t\t\t\t\t\t\t<li class=\"elementor-icon-list-item\">\n\t\t\t\t\t\t\t\t\t\t\t<a href=\"mailto:lawyers@oukp.hr\u200b\">\n\n\t\t\t\t\t\t\t\t\t\t\t\t<span class=\"elementor-icon-list-icon\">\n\t\t\t\t\t\t\t<i aria-hidden=\"true\" class=\"mdi mdi-email\"><\/i>\t\t\t\t\t\t<\/span>\n\t\t\t\t\t\t\t\t\t\t<span class=\"elementor-icon-list-text\">lawyers@oukp.hr<\/span>\n\t\t\t\t\t\t\t\t\t\t\t<\/a>\n\t\t\t\t\t\t\t\t\t<\/li>\n\t\t\t\t\t\t<\/ul>\n\t\t\t\t\t\t<\/div>\n\t\t\t\t<\/div>\n\t\t\t\t<\/div>\n\t\t\t\t\t<\/div>\n\t\t\t\t<\/div>\n\t\t\t\t<\/div>","protected":false},"excerpt":{"rendered":"<p>Contact us First Name * Last Name * Email * Phone Number Company Message * Attachment (PDF, DOC, JPG \u2013 max 2MB) Please leave this field empty. Your legal matter deserves clarity and precision. Send us a message and we\u2019ll respond promptly and confidentially. Or book a call with one of our lawyers. 73 A Ivana Tkal\u010di\u0107a St., 10000 Zagreb +385 1 48 12 562 lawyers@oukp.hr<\/p>","protected":false},"author":1,"featured_media":0,"parent":0,"menu_order":0,"comment_status":"closed","ping_status":"closed","template":"","meta":{"footnotes":""},"class_list":["post-1411","page","type-page","status-publish","hentry"],"yoast_head":"<!-- This site is optimized with the Yoast SEO plugin v27.4 - https:\/\/yoast.com\/product\/yoast-seo-wordpress\/ -->\n<title>Contact us - Law Firm Planinic &amp; partners<\/title>\n<meta name=\"description\" content=\"Learn more about us at Law Firm Planinic &amp; partners. Meet the team that will satisfy all your legal needs in Croatia.\" \/>\n<meta name=\"robots\" content=\"index, follow, max-snippet:-1, max-image-preview:large, max-video-preview:-1\" \/>\n<link rel=\"canonical\" href=\"https:\/\/lawyerincroatia.com\/hr\/contact-us\/\" \/>\n<meta property=\"og:locale\" content=\"hr_HR\" \/>\n<meta property=\"og:type\" content=\"article\" \/>\n<meta property=\"og:title\" content=\"Contact us - Law Firm Planinic &amp; partners\" \/>\n<meta property=\"og:description\" content=\"Learn more about us at Law Firm Planinic &amp; partners. Meet the team that will satisfy all your legal needs in Croatia.\" \/>\n<meta property=\"og:url\" content=\"https:\/\/lawyerincroatia.com\/hr\/contact-us\/\" \/>\n<meta property=\"og:site_name\" content=\"Law Firm Planinic &amp; partners\" \/>\n<meta property=\"article:modified_time\" content=\"2026-04-15T15:51:45+00:00\" \/>\n<meta property=\"og:image\" content=\"https:\/\/lawyerincroatia.com\/wp-content\/uploads\/2025\/05\/logo-oukp.png\" \/>\n\t<meta property=\"og:image:width\" content=\"91\" \/>\n\t<meta property=\"og:image:height\" content=\"90\" \/>\n\t<meta property=\"og:image:type\" content=\"image\/png\" \/>\n<meta name=\"twitter:card\" content=\"summary_large_image\" \/>\n<meta name=\"twitter:label1\" content=\"Procijenjeno vrijeme \u010ditanja\" \/>\n\t<meta name=\"twitter:data1\" content=\"1 minuta\" \/>\n<script type=\"application\/ld+json\" class=\"yoast-schema-graph\">{\"@context\":\"https:\\\/\\\/schema.org\",\"@graph\":[{\"@type\":\"WebPage\",\"@id\":\"https:\\\/\\\/lawyerincroatia.com\\\/contact-us\\\/\",\"url\":\"https:\\\/\\\/lawyerincroatia.com\\\/contact-us\\\/\",\"name\":\"Contact us - Law Firm Planinic &amp; partners\",\"isPartOf\":{\"@id\":\"https:\\\/\\\/lawyerincroatia.com\\\/#website\"},\"datePublished\":\"2026-02-27T11:00:02+00:00\",\"dateModified\":\"2026-04-15T15:51:45+00:00\",\"description\":\"Learn more about us at Law Firm Planinic & partners. Meet the team that will satisfy all your legal needs in Croatia.\",\"breadcrumb\":{\"@id\":\"https:\\\/\\\/lawyerincroatia.com\\\/contact-us\\\/#breadcrumb\"},\"inLanguage\":\"hr\",\"potentialAction\":[{\"@type\":\"ReadAction\",\"target\":[\"https:\\\/\\\/lawyerincroatia.com\\\/contact-us\\\/\"]}]},{\"@type\":\"BreadcrumbList\",\"@id\":\"https:\\\/\\\/lawyerincroatia.com\\\/contact-us\\\/#breadcrumb\",\"itemListElement\":[{\"@type\":\"ListItem\",\"position\":1,\"name\":\"Home\",\"item\":\"https:\\\/\\\/lawyerincroatia.com\\\/\"},{\"@type\":\"ListItem\",\"position\":2,\"name\":\"Contact us\"}]},{\"@type\":\"WebSite\",\"@id\":\"https:\\\/\\\/lawyerincroatia.com\\\/#website\",\"url\":\"https:\\\/\\\/lawyerincroatia.com\\\/\",\"name\":\"Odvjetni\u010dko dru\u0161tvo Planini\u0107 i partneri\",\"description\":\"Trusted Legal Advice in Croatia for Individuals &amp; Businesses\",\"publisher\":{\"@id\":\"https:\\\/\\\/lawyerincroatia.com\\\/#organization\"},\"alternateName\":\"Lawyer in Croatia\",\"potentialAction\":[{\"@type\":\"SearchAction\",\"target\":{\"@type\":\"EntryPoint\",\"urlTemplate\":\"https:\\\/\\\/lawyerincroatia.com\\\/?s={search_term_string}\"},\"query-input\":{\"@type\":\"PropertyValueSpecification\",\"valueRequired\":true,\"valueName\":\"search_term_string\"}}],\"inLanguage\":\"hr\"},{\"@type\":\"Organization\",\"@id\":\"https:\\\/\\\/lawyerincroatia.com\\\/#organization\",\"name\":\"Odvjetni\u010dko dru\u0161tvo Planini\u0107 i partneri\",\"alternateName\":\"Planini\u0107 & Partners\",\"url\":\"https:\\\/\\\/lawyerincroatia.com\\\/\",\"logo\":{\"@type\":\"ImageObject\",\"inLanguage\":\"hr\",\"@id\":\"https:\\\/\\\/lawyerincroatia.com\\\/#\\\/schema\\\/logo\\\/image\\\/\",\"url\":\"https:\\\/\\\/lawyerincroatia.com\\\/wp-content\\\/uploads\\\/2025\\\/05\\\/logo-oukp.png\",\"contentUrl\":\"https:\\\/\\\/lawyerincroatia.com\\\/wp-content\\\/uploads\\\/2025\\\/05\\\/logo-oukp.png\",\"width\":91,\"height\":90,\"caption\":\"Odvjetni\u010dko dru\u0161tvo Planini\u0107 i partneri\"},\"image\":{\"@id\":\"https:\\\/\\\/lawyerincroatia.com\\\/#\\\/schema\\\/logo\\\/image\\\/\"}}]}<\/script>\n<!-- \/ Yoast SEO plugin. -->","yoast_head_json":{"title":"Contact us - Law Firm Planinic &amp; partners","description":"Learn more about us at Law Firm Planinic & partners. Meet the team that will satisfy all your legal needs in Croatia.","robots":{"index":"index","follow":"follow","max-snippet":"max-snippet:-1","max-image-preview":"max-image-preview:large","max-video-preview":"max-video-preview:-1"},"canonical":"https:\/\/lawyerincroatia.com\/hr\/contact-us\/","og_locale":"hr_HR","og_type":"article","og_title":"Contact us - Law Firm Planinic &amp; partners","og_description":"Learn more about us at Law Firm Planinic & partners. Meet the team that will satisfy all your legal needs in Croatia.","og_url":"https:\/\/lawyerincroatia.com\/hr\/contact-us\/","og_site_name":"Law Firm Planinic &amp; partners","article_modified_time":"2026-04-15T15:51:45+00:00","og_image":[{"width":91,"height":90,"url":"https:\/\/lawyerincroatia.com\/wp-content\/uploads\/2025\/05\/logo-oukp.png","type":"image\/png"}],"twitter_card":"summary_large_image","twitter_misc":{"Procijenjeno vrijeme \u010ditanja":"1 minuta"},"schema":{"@context":"https:\/\/schema.org","@graph":[{"@type":"WebPage","@id":"https:\/\/lawyerincroatia.com\/contact-us\/","url":"https:\/\/lawyerincroatia.com\/contact-us\/","name":"Contact us - Law Firm Planinic &amp; partners","isPartOf":{"@id":"https:\/\/lawyerincroatia.com\/#website"},"datePublished":"2026-02-27T11:00:02+00:00","dateModified":"2026-04-15T15:51:45+00:00","description":"Learn more about us at Law Firm Planinic & partners. Meet the team that will satisfy all your legal needs in Croatia.","breadcrumb":{"@id":"https:\/\/lawyerincroatia.com\/contact-us\/#breadcrumb"},"inLanguage":"hr","potentialAction":[{"@type":"ReadAction","target":["https:\/\/lawyerincroatia.com\/contact-us\/"]}]},{"@type":"BreadcrumbList","@id":"https:\/\/lawyerincroatia.com\/contact-us\/#breadcrumb","itemListElement":[{"@type":"ListItem","position":1,"name":"Home","item":"https:\/\/lawyerincroatia.com\/"},{"@type":"ListItem","position":2,"name":"Contact us"}]},{"@type":"WebSite","@id":"https:\/\/lawyerincroatia.com\/#website","url":"https:\/\/lawyerincroatia.com\/","name":"Odvjetni\u010dko dru\u0161tvo Planini\u0107 i partneri","description":"Trusted Legal Advice in Croatia for Individuals &amp; Businesses","publisher":{"@id":"https:\/\/lawyerincroatia.com\/#organization"},"alternateName":"Lawyer in Croatia","potentialAction":[{"@type":"SearchAction","target":{"@type":"EntryPoint","urlTemplate":"https:\/\/lawyerincroatia.com\/?s={search_term_string}"},"query-input":{"@type":"PropertyValueSpecification","valueRequired":true,"valueName":"search_term_string"}}],"inLanguage":"hr"},{"@type":"Organization","@id":"https:\/\/lawyerincroatia.com\/#organization","name":"Odvjetni\u010dko dru\u0161tvo Planini\u0107 i partneri","alternateName":"Planini\u0107 & Partners","url":"https:\/\/lawyerincroatia.com\/","logo":{"@type":"ImageObject","inLanguage":"hr","@id":"https:\/\/lawyerincroatia.com\/#\/schema\/logo\/image\/","url":"https:\/\/lawyerincroatia.com\/wp-content\/uploads\/2025\/05\/logo-oukp.png","contentUrl":"https:\/\/lawyerincroatia.com\/wp-content\/uploads\/2025\/05\/logo-oukp.png","width":91,"height":90,"caption":"Odvjetni\u010dko dru\u0161tvo Planini\u0107 i partneri"},"image":{"@id":"https:\/\/lawyerincroatia.com\/#\/schema\/logo\/image\/"}}]}},"_links":{"self":[{"href":"https:\/\/lawyerincroatia.com\/hr\/wp-json\/wp\/v2\/pages\/1411","targetHints":{"allow":["GET"]}}],"collection":[{"href":"https:\/\/lawyerincroatia.com\/hr\/wp-json\/wp\/v2\/pages"}],"about":[{"href":"https:\/\/lawyerincroatia.com\/hr\/wp-json\/wp\/v2\/types\/page"}],"author":[{"embeddable":true,"href":"https:\/\/lawyerincroatia.com\/hr\/wp-json\/wp\/v2\/users\/1"}],"replies":[{"embeddable":true,"href":"https:\/\/lawyerincroatia.com\/hr\/wp-json\/wp\/v2\/comments?post=1411"}],"version-history":[{"count":32,"href":"https:\/\/lawyerincroatia.com\/hr\/wp-json\/wp\/v2\/pages\/1411\/revisions"}],"predecessor-version":[{"id":1816,"href":"https:\/\/lawyerincroatia.com\/hr\/wp-json\/wp\/v2\/pages\/1411\/revisions\/1816"}],"wp:attachment":[{"href":"https:\/\/lawyerincroatia.com\/hr\/wp-json\/wp\/v2\/media?parent=1411"}],"curies":[{"name":"wp","href":"https:\/\/api.w.org\/{rel}","templated":true}]}}